{"id":151,"date":"2008-07-09T20:39:38","date_gmt":"2008-07-09T18:39:38","guid":{"rendered":"http:\/\/213.211.58.35\/?page_id=151"},"modified":"2025-12-02T20:30:20","modified_gmt":"2025-12-02T18:30:20","slug":"skolska-rada","status":"publish","type":"page","link":"https:\/\/www.zsvm.cz\/?page_id=151","title":{"rendered":"\u0160kolsk\u00e1 rada"},"content":{"rendered":"<p>Dne 5.&nbsp;prosince 2005 vydalo M\u011bsto Ivan\u010dice z\u0159izovac\u00ed listinu \u0161kolsk\u00e9 rady p\u0159i&nbsp;Z\u00e1kladn\u00ed \u0161kole Vladim\u00edra Men\u0161\u00edka Ivan\u010dice, okres Brno-venkov<\/p>\n<p>\u0160kolsk\u00e1 rada m\u00e1 3 \u010dleny a&nbsp;ve sv\u00e9 \u010dinnosti se \u0159\u00edd\u00ed podle ustanoven\u00ed \u00a7 167 a&nbsp;168 z\u00e1kona \u010d.&nbsp;561\/2004 Sb., \u0161kolsk\u00e9ho z\u00e1kona. Nov\u00e1 rada \u0161koly se z\u0159izuje ke dni 1.&nbsp;12.&nbsp;2025. T\u00edmto dnem ukon\u010dila p\u0159edchoz\u00ed rada \u0161koly svou \u010dinnost.<\/p>\n<p><u>Seznam \u010dlen\u016f \u0161kolsk\u00e9 rady:<\/u><\/p>\n<p>Bc. Kl\u00e1ra Schmidov\u00e1<br \/>\nMgr. Lenka Moresov\u00e1<br \/>\nIng. Ivana Krej\u010dov\u00e1<\/p>\n<p><strong>Z\u00e1pisy z&nbsp;jedn\u00e1n\u00ed<\/strong><\/p>\n<ul>\n<li><a href=\"https:\/\/www.zsvm.cz\/wp-content\/uploads\/2025\/12\/1.-schuzka-1.-12.-2025.pdf\">1.&nbsp;sch\u016fzka 1.&nbsp;12.&nbsp;2025<\/a><\/li>\n<\/ul>\n<p><strong>Souvisej\u00edc\u00ed \u010dl\u00e1nky:<\/strong><\/p>\n<ul>\n<li><a href=\"https:\/\/www.zsvm.cz\/?page_id=76883\">Archiv<\/a><\/li>\n<li><a title=\"Volebn\u00ed \u0159\u00e1d\" href=\"http:\/\/www.zsvm.cz\/?page_id=220\">Volebn\u00ed \u0159\u00e1d<\/a><\/li>\n<li><a href=\"http:\/\/www.zsvm.cz\/?page_id=1982\">Jednac\u00ed \u0159\u00e1d<\/a><\/li>\n<li><a href=\"https:\/\/www.zsvm.cz\/wp-content\/uploads\/2025\/09\/Zpusob-podavani-podnetu-oznameni-a-stiznosti-skolske-rade.pdf\">Zp\u016fsob pod\u00e1van\u00ed\u0301 podn\u011btu, ozn\u00e1meni a&nbsp;st\u00ed\u017enosti\u0301 s\u030ckolske\u0301 rade\u030c<\/a><\/li>\n<li><a href=\"https:\/\/www.zsvm.cz\/wp-content\/uploads\/2019\/12\/vysledky-voleb-do-sr6563.pdf\">Volby do \u0161kolsk\u00e9 rady \u2013 listopad 2019<\/a><\/li>\n<li><a href=\"https:\/\/www.zsvm.cz\/wp-content\/uploads\/2022\/12\/volby-sr-2022.pdf\">Volby do \u0161kolsk\u00e9 rady \u2013 listopad 2022<\/a><\/li>\n<li><a href=\"https:\/\/www.zsvm.cz\/wp-content\/uploads\/2025\/12\/vysledky-voleb-do-sr-2025.pdf\">Volby do \u0161kolsk\u00e9 rady \u2013 listopad 2025<\/a><\/li>\n<\/ul>\n<p class=\"page_item page-item-764\">&nbsp;<\/p>\n","protected":false},"excerpt":{"rendered":"<p>Dne 5.&nbsp;prosince 2005 vydalo M\u011bsto Ivan\u010dice z\u0159izovac\u00ed listinu \u0161kolsk\u00e9 rady p\u0159i&nbsp;Z\u00e1kladn\u00ed \u0161kole Vladim\u00edra Men\u0161\u00edka Ivan\u010dice, okres Brno-venkov \u0160kolsk\u00e1 rada m\u00e1 3 \u010dleny a&nbsp;ve sv\u00e9 \u010dinnosti se \u0159\u00edd\u00ed podle ustanoven\u00ed \u00a7 167 a&nbsp;168 z\u00e1kona \u010d.&nbsp;561\/2004 Sb., \u0161kolsk\u00e9ho z\u00e1kona. Nov\u00e1 rada \u0161koly &hellip; <a href=\"https:\/\/www.zsvm.cz\/?page_id=151\">Continue reading <span class=\"meta-nav\">&rarr;<\/span><\/a><\/p>\n","protected":false},"author":2,"featured_media":0,"parent":71,"menu_order":0,"comment_status":"closed","ping_status":"closed","template":"","meta":{"ngg_post_thumbnail":0,"footnotes":""},"class_list":["post-151","page","type-page","status-publish","hentry"],"_links":{"self":[{"href":"https:\/\/www.zsvm.cz\/index.php?rest_route=\/wp\/v2\/pages\/151","targetHints":{"allow":["GET"]}}],"collection":[{"href":"https:\/\/www.zsvm.cz\/index.php?rest_route=\/wp\/v2\/pages"}],"about":[{"href":"https:\/\/www.zsvm.cz\/index.php?rest_route=\/wp\/v2\/types\/page"}],"author":[{"embeddable":true,"href":"https:\/\/www.zsvm.cz\/index.php?rest_route=\/wp\/v2\/users\/2"}],"replies":[{"embeddable":true,"href":"https:\/\/www.zsvm.cz\/index.php?rest_route=%2Fwp%2Fv2%2Fcomments&post=151"}],"version-history":[{"count":25,"href":"https:\/\/www.zsvm.cz\/index.php?rest_route=\/wp\/v2\/pages\/151\/revisions"}],"predecessor-version":[{"id":192385,"href":"https:\/\/www.zsvm.cz\/index.php?rest_route=\/wp\/v2\/pages\/151\/revisions\/192385"}],"up":[{"embeddable":true,"href":"https:\/\/www.zsvm.cz\/index.php?rest_route=\/wp\/v2\/pages\/71"}],"wp:attachment":[{"href":"https:\/\/www.zsvm.cz\/index.php?rest_route=%2Fwp%2Fv2%2Fmedia&parent=151"}],"curies":[{"name":"wp","href":"https:\/\/api.w.org\/{rel}","templated":true}]}}